{"id":245358,"date":"2022-05-03T09:08:12","date_gmt":"2022-05-03T09:08:12","guid":{"rendered":"https:\/\/anwaltskanzlei-czech.de\/impressum\/"},"modified":"2022-10-24T06:57:56","modified_gmt":"2022-10-24T06:57:56","slug":"impressum","status":"publish","type":"page","link":"https:\/\/anwaltskanzlei-czech.de\/pl\/impressum\/","title":{"rendered":"Impressum"},"content":{"rendered":"[et_pb_section admin_label=&#8221;section&#8221;]\n\t\t\t[et_pb_row admin_label=&#8221;row&#8221;]\n\t\t\t\t[et_pb_column type=&#8221;4_4&#8243;][et_pb_text admin_label=&#8221;Text&#8221;]\n<h2 class=\"wp-block-heading\">Angaben gem\u00e4\u00df \u00a7 5 TMG<\/h2>\n\n\n\n<p>Rechtsanw\u00e4ltin<br>Anja Czech<br>Maximilianstrasse 2<br>80539 M\u00fcnchen<\/p>\n\n\n\n<h2 class=\"wp-block-heading\">Kontakt<\/h2>\n\n\n\n<p>Telefon: +49 (0)89\/215282190<br>Telefax: +49 (0) 89\/215282197<br>E-Mail: <a href=\"mailto:office@czech-law.eu\" target=\"_blank\" rel=\"noopener\">office@czech-law.eu<\/a><\/p>\n\n\n\n<p>Umsatzsteuer-ID: DE236915600<\/p>\n\n\n\n<p>Ich bin zugelassene Rechtsanw\u00e4ltin beim Landgericht M\u00fcnchen I und vertretungsberechtigt bei allen Amts-und Landgerichten der BRD. Der Titel Rechtsanw\u00e4ltin wird nach einem speziellen Zulassungsverfahren aufgrund der deutschen Rechtsnormen verliehen.<\/p>\n\n\n\n<h2 class=\"wp-block-heading\">Rechtsanwaltskammer:<\/h2>\n\n\n\n<p>Rain Anja Czech ist Mitglied der Rechtsanwaltskammer f\u00fcr den Oberlandesgerichtsbezirk M\u00fcnchen.<\/p>\n\n\n\n<h2 class=\"wp-block-heading\">Redaktionell verantwortlich<\/h2>\n\n\n\n<p>Anja Czech<\/p>\n\n\n\n<h2 class=\"wp-block-heading\">Bildrechte:<\/h2>\n\n\n\n<ul class=\"wp-block-list\"><li>Anja Czech<\/li><li>Pexels-freestocksorg-818649<\/li><li>AdobeStock_129299829: walking on the streets of a big city Von <a href=\"https:\/\/stock.adobe.com\/de\/contributor\/202847164\/olga-w?load_type=author&amp;prev_url=detail\" target=\"_blank\" rel=\"noopener\">Olga W<\/a><\/li><\/ul>\n\n\n\n<h2 class=\"wp-block-heading\">EU-Streitschlichtung<\/h2>\n\n\n\n<p>Die Europ\u00e4ische Kommission stellt eine Plattform zur Online-Streitbeilegung (OS) bereit: <a href=\"https:\/\/ec.europa.eu\/consumers\/odr\/\" target=\"_blank\" rel=\"noopener noreferrer\">https:\/\/ec.europa.eu\/consumers\/odr\/<\/a>.<br>Unsere E-Mail-Adresse finden Sie oben im Impressum.<\/p>\n\n\n\n<h2 class=\"wp-block-heading\">Verbraucher\u00adstreit\u00adbeilegung\/Universal\u00adschlichtungs\u00adstelle<\/h2>\n\n\n\n<p>Wir sind nicht bereit oder verpflichtet, an Streitbeilegungsverfahren vor einer Verbraucherschlichtungsstelle teilzunehmen.<\/p>\n\n\n\n<p>Quelle: <a href=\"https:\/\/www.e-recht24.de\" target=\"_blank\" rel=\"noopener\">eRecht24<\/a><\/p>\n[\/et_pb_text][\/et_pb_column]\n\t\t\t[\/et_pb_row]\n\t\t[\/et_pb_section]","protected":false},"excerpt":{"rendered":"<p>Angaben gem\u00e4\u00df \u00a7 5 TMG Rechtsanw\u00e4ltinAnja CzechMaximilianstrasse 280539 M\u00fcnchen Kontakt Telefon: +49 (0)89\/215282190Telefax: +49 (0) 89\/215282197E-Mail: office@czech-law.eu Umsatzsteuer-ID: DE236915600 Ich bin zugelassene Rechtsanw\u00e4ltin beim Landgericht M\u00fcnchen I und vertretungsberechtigt bei allen Amts-und Landgerichten der BRD. Der Titel Rechtsanw\u00e4ltin wird nach einem speziellen Zulassungsverfahren aufgrund der deutschen Rechtsnormen verliehen. Rechtsanwaltskammer: Rain Anja Czech ist Mitglied der [&hellip;]<\/p>\n","protected":false},"author":3,"featured_media":0,"parent":0,"menu_order":0,"comment_status":"closed","ping_status":"closed","template":"","meta":{"_et_pb_use_builder":"on","_et_pb_old_content":"<!-- wp:heading -->\n<h2>Angaben gem\u00e4\u00df \u00a7 5 TMG<\/h2>\n<!-- \/wp:heading -->\n\n<!-- wp:paragraph -->\n<p>Rechtsanw\u00e4ltin<br>Anja Czech<br>Maximilianstrasse 2<br>80539 M\u00fcnchen<\/p>\n<!-- \/wp:paragraph -->\n\n<!-- wp:heading -->\n<h2>Kontakt<\/h2>\n<!-- \/wp:heading -->\n\n<!-- wp:paragraph -->\n<p>Telefon: +49 (0)89\/215282190<br>Telefax: +49 (0) 89\/215282197<br>E-Mail: <a href=\"mailto:office@czech-law.eu\" target=\"_blank\" rel=\"noopener\">office@czech-law.eu<\/a><\/p>\n<!-- \/wp:paragraph -->\n\n<!-- wp:paragraph -->\n<p>Umsatzsteuer-ID: DE236915600<\/p>\n<!-- \/wp:paragraph -->\n\n<!-- wp:paragraph -->\n<p>Ich bin zugelassene Rechtsanw\u00e4ltin beim Landgericht M\u00fcnchen I und vertretungsberechtigt bei allen Amts-und Landgerichten der BRD. Der Titel Rechtsanw\u00e4ltin wird nach einem speziellen Zulassungsverfahren aufgrund der deutschen Rechtsnormen verliehen.<\/p>\n<!-- \/wp:paragraph -->\n\n<!-- wp:heading -->\n<h2>Rechtsanwaltskammer:<\/h2>\n<!-- \/wp:heading -->\n\n<!-- wp:paragraph -->\n<p>Rain Anja Czech ist Mitglied der Rechtsanwaltskammer f\u00fcr den Oberlandesgerichtsbezirk M\u00fcnchen.<\/p>\n<!-- \/wp:paragraph -->\n\n<!-- wp:heading -->\n<h2>Redaktionell verantwortlich<\/h2>\n<!-- \/wp:heading -->\n\n<!-- wp:paragraph -->\n<p>Anja Czech<\/p>\n<!-- \/wp:paragraph -->\n\n<!-- wp:heading -->\n<h2>Bildrechte:<\/h2>\n<!-- \/wp:heading -->\n\n<!-- wp:list -->\n<ul><li>Anja Czech<\/li><li>Pexels-freestocksorg-818649<\/li><li>AdobeStock_129299829: walking on the streets of a big city Von <a href=\"https:\/\/stock.adobe.com\/de\/contributor\/202847164\/olga-w?load_type=author&amp;prev_url=detail\">Olga W<\/a><\/li><\/ul>\n<!-- \/wp:list -->\n\n<!-- wp:heading -->\n<h2>EU-Streitschlichtung<\/h2>\n<!-- \/wp:heading -->\n\n<!-- wp:paragraph -->\n<p>Die Europ\u00e4ische Kommission stellt eine Plattform zur Online-Streitbeilegung (OS) bereit: <a href=\"https:\/\/ec.europa.eu\/consumers\/odr\/\" target=\"_blank\" rel=\"noopener noreferrer\">https:\/\/ec.europa.eu\/consumers\/odr\/<\/a>.<br>Unsere E-Mail-Adresse finden Sie oben im Impressum.<\/p>\n<!-- \/wp:paragraph -->\n\n<!-- wp:heading -->\n<h2>Verbraucher\u00adstreit\u00adbeilegung\/Universal\u00adschlichtungs\u00adstelle<\/h2>\n<!-- \/wp:heading -->\n\n<!-- wp:paragraph -->\n<p>Wir sind nicht bereit oder verpflichtet, an Streitbeilegungsverfahren vor einer Verbraucherschlichtungsstelle teilzunehmen.<\/p>\n<!-- \/wp:paragraph -->\n\n<!-- wp:paragraph -->\n<p>Quelle: <a href=\"https:\/\/www.e-recht24.de\">eRecht24<\/a><\/p>\n<!-- \/wp:paragraph -->","_et_gb_content_width":"1080","footnotes":""},"class_list":["post-245358","page","type-page","status-publish","hentry"],"_links":{"self":[{"href":"https:\/\/anwaltskanzlei-czech.de\/pl\/wp-json\/wp\/v2\/pages\/245358","targetHints":{"allow":["GET"]}}],"collection":[{"href":"https:\/\/anwaltskanzlei-czech.de\/pl\/wp-json\/wp\/v2\/pages"}],"about":[{"href":"https:\/\/anwaltskanzlei-czech.de\/pl\/wp-json\/wp\/v2\/types\/page"}],"author":[{"embeddable":true,"href":"https:\/\/anwaltskanzlei-czech.de\/pl\/wp-json\/wp\/v2\/users\/3"}],"replies":[{"embeddable":true,"href":"https:\/\/anwaltskanzlei-czech.de\/pl\/wp-json\/wp\/v2\/comments?post=245358"}],"version-history":[{"count":0,"href":"https:\/\/anwaltskanzlei-czech.de\/pl\/wp-json\/wp\/v2\/pages\/245358\/revisions"}],"wp:attachment":[{"href":"https:\/\/anwaltskanzlei-czech.de\/pl\/wp-json\/wp\/v2\/media?parent=245358"}],"curies":[{"name":"wp","href":"https:\/\/api.w.org\/{rel}","templated":true}]}}